{"id":13,"date":"2015-11-23T20:04:41","date_gmt":"2015-11-23T19:04:41","guid":{"rendered":"https:\/\/txokeblog.wordpress.com\/?page_id=13"},"modified":"2019-06-20T12:39:38","modified_gmt":"2019-06-20T10:39:38","slug":"medias","status":"publish","type":"page","link":"https:\/\/txokeblog.txoke.org\/?page_id=13","title":{"rendered":"Documentos oficiales"},"content":{"rendered":"<p style=\"text-align: justify;\"><span style=\"font-size: 14pt;\">En esta p\u00e1gina pueden descargar en formato PDF los documentos oficiales de la plataforma Txoke!: una presentaci\u00f3n general, el Acta de Fundaci\u00f3n, y los actuales estatutos (revisados en 2015).<\/span><\/p>\n<h1>Presentaci\u00f3n general de Txoke!<\/h1>\n<p><strong><span style=\"font-size: 14pt;\">Espa\u00f1ol<\/span><\/strong> <span style=\"font-size: 12pt;\"><a href=\"https:\/\/txokeblog.txoke.org\/wp-content\/uploads\/2019\/05\/Txoke-Inter_presentacio\u0301n_rev2017_1.pdf\" target=\"_blank\" rel=\"noopener noreferrer\">Txoke Inter_presentacio\u0301n_rev2017_1<\/a><\/span><\/p>\n<p><strong><span style=\"font-size: 14pt;\">Fran\u00e7ais <\/span><\/strong><span style=\"font-size: 14pt;\"><span style=\"font-size: 12pt;\"><a href=\"https:\/\/txokeblog.txoke.org\/wp-content\/uploads\/2019\/05\/Txoke_pre\u0301sentation_rev2017-1.pdf\" target=\"_blank\" rel=\"noopener noreferrer\">Txoke_pre\u0301sentation_rev2017-1<\/a><\/span><\/span><\/p>\n<h1>Acta de fundaci\u00f3n de Txoke!<\/h1>\n<p><a href=\"https:\/\/txokeblog.txoke.org\/wp-content\/uploads\/2019\/05\/Txoke_Acta-fundacion.pdf\" target=\"_blank\" rel=\"noopener noreferrer\">Txoke_Acta-fundacion<\/a><\/p>\n<h1>Estatutos actuales (revisados en 2015)<\/h1>\n<p><a href=\"https:\/\/txokeblog.txoke.org\/wp-content\/uploads\/2019\/05\/TXOKE_Estatutos_modificados_2015_def_Web.pdf\" target=\"_blank\" rel=\"noopener noreferrer\">TXOKE_Estatutos_modificados_2015_def_Web<\/a><\/p>\n","protected":false},"excerpt":{"rendered":"<p>En esta p\u00e1gina pueden descargar en formato PDF los documentos oficiales de la plataforma Txoke!: una presentaci\u00f3n general, el Acta de Fundaci\u00f3n, y los actuales estatutos (revisados en 2015). Presentaci\u00f3n general de Txoke! Espa\u00f1ol Txoke Inter_presentacio\u0301n_rev2017_1 Fran\u00e7ais Txoke_pre\u0301sentation_rev2017-1 Acta de fundaci\u00f3n de Txoke! Txoke_Acta-fundacion Estatutos actuales (revisados en 2015) TXOKE_Estatutos_modificados_2015_def_Web<\/p>\n","protected":false},"author":2,"featured_media":0,"parent":0,"menu_order":1,"comment_status":"closed","ping_status":"closed","template":"","meta":{"footnotes":""},"class_list":["post-13","page","type-page","status-publish","hentry"],"yoast_head":"<!-- This site is optimized with the Yoast SEO plugin v27.6 - https:\/\/yoast.com\/product\/yoast-seo-wordpress\/ -->\n<title>Documentos oficiales - El blog de Txoke!<\/title>\n<meta name=\"robots\" content=\"index, follow, max-snippet:-1, max-image-preview:large, max-video-preview:-1\" \/>\n<link rel=\"canonical\" href=\"https:\/\/txokeblog.txoke.org\/?page_id=13\" \/>\n<meta property=\"og:locale\" content=\"es_ES\" \/>\n<meta property=\"og:type\" content=\"article\" \/>\n<meta property=\"og:title\" content=\"Documentos oficiales - El blog de Txoke!\" \/>\n<meta property=\"og:description\" content=\"En esta p\u00e1gina pueden descargar en formato PDF los documentos oficiales de la plataforma Txoke!: una presentaci\u00f3n general, el Acta de Fundaci\u00f3n, y los actuales estatutos (revisados en 2015). Presentaci\u00f3n general de Txoke! Espa\u00f1ol Txoke Inter_presentacio\u0301n_rev2017_1 Fran\u00e7ais Txoke_pre\u0301sentation_rev2017-1 Acta de fundaci\u00f3n de Txoke! Txoke_Acta-fundacion Estatutos actuales (revisados en 2015) TXOKE_Estatutos_modificados_2015_def_Web\" \/>\n<meta property=\"og:url\" content=\"https:\/\/txokeblog.txoke.org\/?page_id=13\" \/>\n<meta property=\"og:site_name\" content=\"El blog de Txoke!\" \/>\n<meta property=\"article:modified_time\" content=\"2019-06-20T10:39:38+00:00\" \/>\n<meta name=\"twitter:card\" content=\"summary_large_image\" \/>\n<script type=\"application\/ld+json\" class=\"yoast-schema-graph\">{\"@context\":\"https:\\\/\\\/schema.org\",\"@graph\":[{\"@type\":\"WebPage\",\"@id\":\"https:\\\/\\\/txokeblog.txoke.org\\\/?page_id=13\",\"url\":\"https:\\\/\\\/txokeblog.txoke.org\\\/?page_id=13\",\"name\":\"Documentos oficiales - El blog de Txoke!\",\"isPartOf\":{\"@id\":\"https:\\\/\\\/txokeblog.txoke.org\\\/#website\"},\"datePublished\":\"2015-11-23T19:04:41+00:00\",\"dateModified\":\"2019-06-20T10:39:38+00:00\",\"breadcrumb\":{\"@id\":\"https:\\\/\\\/txokeblog.txoke.org\\\/?page_id=13#breadcrumb\"},\"inLanguage\":\"es\",\"potentialAction\":[{\"@type\":\"ReadAction\",\"target\":[\"https:\\\/\\\/txokeblog.txoke.org\\\/?page_id=13\"]}]},{\"@type\":\"BreadcrumbList\",\"@id\":\"https:\\\/\\\/txokeblog.txoke.org\\\/?page_id=13#breadcrumb\",\"itemListElement\":[{\"@type\":\"ListItem\",\"position\":1,\"name\":\"Home\",\"item\":\"https:\\\/\\\/txokeblog.txoke.org\\\/\"},{\"@type\":\"ListItem\",\"position\":2,\"name\":\"Documentos oficiales\"}]},{\"@type\":\"WebSite\",\"@id\":\"https:\\\/\\\/txokeblog.txoke.org\\\/#website\",\"url\":\"https:\\\/\\\/txokeblog.txoke.org\\\/\",\"name\":\"El blog de Txoke!\",\"description\":\"Plataforma internacional Txoke!\",\"potentialAction\":[{\"@type\":\"SearchAction\",\"target\":{\"@type\":\"EntryPoint\",\"urlTemplate\":\"https:\\\/\\\/txokeblog.txoke.org\\\/?s={search_term_string}\"},\"query-input\":{\"@type\":\"PropertyValueSpecification\",\"valueRequired\":true,\"valueName\":\"search_term_string\"}}],\"inLanguage\":\"es\"}]}<\/script>\n<!-- \/ Yoast SEO plugin. -->","yoast_head_json":{"title":"Documentos oficiales - El blog de Txoke!","robots":{"index":"index","follow":"follow","max-snippet":"max-snippet:-1","max-image-preview":"max-image-preview:large","max-video-preview":"max-video-preview:-1"},"canonical":"https:\/\/txokeblog.txoke.org\/?page_id=13","og_locale":"es_ES","og_type":"article","og_title":"Documentos oficiales - El blog de Txoke!","og_description":"En esta p\u00e1gina pueden descargar en formato PDF los documentos oficiales de la plataforma Txoke!: una presentaci\u00f3n general, el Acta de Fundaci\u00f3n, y los actuales estatutos (revisados en 2015). Presentaci\u00f3n general de Txoke! Espa\u00f1ol Txoke Inter_presentacio\u0301n_rev2017_1 Fran\u00e7ais Txoke_pre\u0301sentation_rev2017-1 Acta de fundaci\u00f3n de Txoke! Txoke_Acta-fundacion Estatutos actuales (revisados en 2015) TXOKE_Estatutos_modificados_2015_def_Web","og_url":"https:\/\/txokeblog.txoke.org\/?page_id=13","og_site_name":"El blog de Txoke!","article_modified_time":"2019-06-20T10:39:38+00:00","twitter_card":"summary_large_image","schema":{"@context":"https:\/\/schema.org","@graph":[{"@type":"WebPage","@id":"https:\/\/txokeblog.txoke.org\/?page_id=13","url":"https:\/\/txokeblog.txoke.org\/?page_id=13","name":"Documentos oficiales - El blog de Txoke!","isPartOf":{"@id":"https:\/\/txokeblog.txoke.org\/#website"},"datePublished":"2015-11-23T19:04:41+00:00","dateModified":"2019-06-20T10:39:38+00:00","breadcrumb":{"@id":"https:\/\/txokeblog.txoke.org\/?page_id=13#breadcrumb"},"inLanguage":"es","potentialAction":[{"@type":"ReadAction","target":["https:\/\/txokeblog.txoke.org\/?page_id=13"]}]},{"@type":"BreadcrumbList","@id":"https:\/\/txokeblog.txoke.org\/?page_id=13#breadcrumb","itemListElement":[{"@type":"ListItem","position":1,"name":"Home","item":"https:\/\/txokeblog.txoke.org\/"},{"@type":"ListItem","position":2,"name":"Documentos oficiales"}]},{"@type":"WebSite","@id":"https:\/\/txokeblog.txoke.org\/#website","url":"https:\/\/txokeblog.txoke.org\/","name":"El blog de Txoke!","description":"Plataforma internacional Txoke!","potentialAction":[{"@type":"SearchAction","target":{"@type":"EntryPoint","urlTemplate":"https:\/\/txokeblog.txoke.org\/?s={search_term_string}"},"query-input":{"@type":"PropertyValueSpecification","valueRequired":true,"valueName":"search_term_string"}}],"inLanguage":"es"}]}},"_links":{"self":[{"href":"https:\/\/txokeblog.txoke.org\/index.php?rest_route=\/wp\/v2\/pages\/13","targetHints":{"allow":["GET"]}}],"collection":[{"href":"https:\/\/txokeblog.txoke.org\/index.php?rest_route=\/wp\/v2\/pages"}],"about":[{"href":"https:\/\/txokeblog.txoke.org\/index.php?rest_route=\/wp\/v2\/types\/page"}],"author":[{"embeddable":true,"href":"https:\/\/txokeblog.txoke.org\/index.php?rest_route=\/wp\/v2\/users\/2"}],"replies":[{"embeddable":true,"href":"https:\/\/txokeblog.txoke.org\/index.php?rest_route=%2Fwp%2Fv2%2Fcomments&post=13"}],"version-history":[{"count":9,"href":"https:\/\/txokeblog.txoke.org\/index.php?rest_route=\/wp\/v2\/pages\/13\/revisions"}],"predecessor-version":[{"id":416,"href":"https:\/\/txokeblog.txoke.org\/index.php?rest_route=\/wp\/v2\/pages\/13\/revisions\/416"}],"wp:attachment":[{"href":"https:\/\/txokeblog.txoke.org\/index.php?rest_route=%2Fwp%2Fv2%2Fmedia&parent=13"}],"curies":[{"name":"wp","href":"https:\/\/api.w.org\/{rel}","templated":true}]}}