{"id":19,"date":"2015-11-23T20:07:07","date_gmt":"2015-11-23T19:07:07","guid":{"rendered":"https:\/\/txokeblog.wordpress.com\/?page_id=19"},"modified":"2020-08-27T19:11:03","modified_gmt":"2020-08-27T17:11:03","slug":"links","status":"publish","type":"page","link":"https:\/\/txokeblog.txoke.org\/?page_id=19","title":{"rendered":"Enlaces"},"content":{"rendered":"\t\t<div data-elementor-type=\"wp-page\" data-elementor-id=\"19\" class=\"elementor elementor-19\">\n\t\t\t\t\t\t<section class=\"elementor-section elementor-top-section elementor-element elementor-element-4e33c60e elementor-section-boxed elementor-section-height-default elementor-section-height-default\" data-id=\"4e33c60e\" data-element_type=\"section\" data-e-type=\"section\">\n\t\t\t\t\t\t<div class=\"elementor-container elementor-column-gap-default\">\n\t\t\t\t\t<div class=\"elementor-column elementor-col-100 elementor-top-column elementor-element elementor-element-131ee846\" data-id=\"131ee846\" data-element_type=\"column\" data-e-type=\"column\">\n\t\t\t<div class=\"elementor-widget-wrap elementor-element-populated\">\n\t\t\t\t\t\t<div class=\"elementor-element elementor-element-5cf6bdb4 elementor-widget elementor-widget-text-editor\" data-id=\"5cf6bdb4\" data-element_type=\"widget\" data-e-type=\"widget\" data-widget_type=\"text-editor.default\">\n\t\t\t\t<div class=\"elementor-widget-container\">\n\t\t\t\t\t\t\t\t\t<p style=\"text-align: justify;\"><span style=\"font-size: 12pt;\">En esta p\u00e1gina encontraran una serie de enlaces \u00fatiles vinculados con la plataforma <strong>Txoke! International<\/strong>, su presencia en la Web, y a p\u00e1ginas de referencia sobre el patrimonio cultural, en especial de la Unesco.<\/span><\/p><h1>Presencia de Txoke! International en la Web<\/h1><ul><li>El presente blog se encuentra en <a href=\"https:\/\/txokeblog.txoke.org\/\" target=\"_blank\" rel=\"noopener noreferrer\">https:\/\/txokeblog.txoke.org\/<\/a><\/li><li>El sitio Web principal est\u00e1 ubicado en: <a href=\"https:\/\/www.txoke.org\/website\/\" target=\"_blank\" rel=\"noopener\">https:\/\/www.txoke.org\/website\/<\/a><\/li><li>La p\u00e1gina Facebook oficial: <a href=\"https:\/\/www.facebook.com\/txoke\/\" target=\"_blank\" rel=\"noopener noreferrer\">https:\/\/www.facebook.com\/txoke\/<\/a><\/li><li>P\u00e1gina LinkedIn: <a href=\"https:\/\/www.linkedin.com\/in\/txoke\/\" target=\"_blank\" rel=\"noopener noreferrer\">https:\/\/www.linkedin.com\/in\/txoke\/<\/a><\/li><li>Canal YouTube: <a href=\"https:\/\/www.youtube.com\/channel\/UCMppjtcmeKlO-lodqguMUcg\" target=\"_blank\" rel=\"noopener noreferrer\">https:\/\/www.youtube.com\/channel\/UCMppjtcmeKlO-lodqguMUcg<\/a><\/li><li>Vimeo: <a href=\"https:\/\/vimeo.com\/txokeinter\" target=\"_blank\" rel=\"noopener noreferrer\">https:\/\/vimeo.com\/txokeinter<\/a><\/li><li>Dailymotion: https:\/\/www.dailymotion.com\/ <span style=\"color: #ff0000;\">[POR VENIR]<\/span><\/li><\/ul><h1>Patrimonio cultural<\/h1><h2>Unesco<\/h2><h3>Sitio Web general<\/h3><ul><li>En Ingl\u00e9s: <a href=\"https:\/\/en.unesco.org\/\" target=\"_blank\" rel=\"noopener noreferrer\">https:\/\/en.unesco.org\/<\/a><\/li><li>En Castellano: <a href=\"https:\/\/es.unesco.org\/\" target=\"_blank\" rel=\"noopener noreferrer\">https:\/\/es.unesco.org\/<\/a><\/li><li>En Franc\u00e9s: <a href=\"https:\/\/fr.unesco.org\/\" target=\"_blank\" rel=\"noopener noreferrer\">https:\/\/fr.unesco.org\/<\/a><\/li><\/ul><h3>Patrimonio de la Humanidad<\/h3><ul><li><strong>Sitio en Ingl\u00e9s:<\/strong> <a href=\"https:\/\/whc.unesco.org\/en\/35\/\" target=\"_blank\" rel=\"noopener noreferrer\">https:\/\/whc.unesco.org\/en\/35\/<\/a><\/li><li><strong>Sitio en Castellano:<\/strong> <span style=\"color: #ff0000;\">[no existe por el momento]<\/span>. Existe solamente la p\u00e1gina que lista los lugares protegidos, que se encuentra aqu\u00ed: <a href=\"https:\/\/whc.unesco.org\/es\/list\/\" target=\"_blank\" rel=\"noopener noreferrer\">https:\/\/whc.unesco.org\/es\/list\/<\/a><\/li><li><strong>Sitio en Franc\u00e9s:<\/strong> <a href=\"https:\/\/whc.unesco.org\/fr\/35\/\" target=\"_blank\" rel=\"noopener noreferrer\">https:\/\/whc.unesco.org\/fr\/35\/<\/a><\/li><\/ul><h3>Patrimonio Inmaterial<\/h3><h4>P\u00e1ginas de la Unesco<\/h4><ul><li style=\"text-align: left;\"><a href=\"https:\/\/ich.unesco.org\/en\/what-is-intangible-heritage-00003\" target=\"_blank\" rel=\"noopener noreferrer\">https:\/\/ich.unesco.org\/en\/what-is-intangible-heritage-00003<\/a><\/li><li style=\"text-align: left;\"><a href=\"https:\/\/en.unesco.org\/news\/intangible-heritage-nine-elements-inscribed-representative-list\" target=\"_blank\" rel=\"noopener noreferrer\">https:\/\/en.unesco.org\/news\/intangible-heritage-nine-elements-inscribed-representative-list<\/a><\/li><li style=\"text-align: left;\"><a href=\"https:\/\/ich.unesco.org\/en\/intangible-heritage-domains-00052\" target=\"_blank\" rel=\"noopener noreferrer\">https:\/\/ich.unesco.org\/en\/intangible-heritage-domains-00052<\/a><\/li><li style=\"text-align: left;\"><span style=\"text-decoration: underline;\">P\u00e1gina de descarga de la Convenci\u00f3n internacional de 2003 en formato PDF, en varios idiomas:<\/span> <a href=\"https:\/\/unesdoc.unesco.org\/ark:\/48223\/pf0000132540\" target=\"_blank\" rel=\"noopener noreferrer\">https:\/\/unesdoc.unesco.org\/ark:\/48223\/pf0000132540<\/a><\/li><\/ul><h4 style=\"text-align: left;\">Convenci\u00f3n internacional sobre patrimonio inmaterial (2003)<\/h4><ul><li><strong>Castellano (PDF):<\/strong> <a href=\"https:\/\/txokeblog.txoke.org\/wp-content\/uploads\/2019\/05\/132540spa.pdf\" target=\"_blank\" rel=\"noopener noreferrer\">132540spa<\/a><\/li><li><strong>Franc\u00e9s (PDF)<\/strong>: <a href=\"https:\/\/txokeblog.txoke.org\/wp-content\/uploads\/2019\/05\/132540fre.pdf\" target=\"_blank\" rel=\"noopener noreferrer\">132540fre<\/a><\/li><li><strong>Portugu\u00e9s (PDF)<\/strong>: <a href=\"https:\/\/txokeblog.txoke.org\/wp-content\/uploads\/2019\/05\/132540por.pdf\" target=\"_blank\" rel=\"noopener noreferrer\">132540por<\/a><\/li><li><strong>Ingl\u00e9s (PDF):<\/strong> <a href=\"https:\/\/txokeblog.txoke.org\/wp-content\/uploads\/2019\/05\/132540eng.pdf\" target=\"_blank\" rel=\"noopener noreferrer\">132540eng<\/a><\/li><\/ul>\t\t\t\t\t\t\t\t<\/div>\n\t\t\t\t<\/div>\n\t\t\t\t\t<\/div>\n\t\t<\/div>\n\t\t\t\t\t<\/div>\n\t\t<\/section>\n\t\t\t\t<\/div>\n\t\t","protected":false},"excerpt":{"rendered":"<p>En esta p\u00e1gina encontraran una serie de enlaces \u00fatiles vinculados con la plataforma Txoke! International, su presencia en la Web, y a p\u00e1ginas de referencia sobre el patrimonio cultural, en especial de la Unesco. Presencia de Txoke! International en la Web El presente blog se encuentra en https:\/\/txokeblog.txoke.org\/ El sitio &hellip;<\/p>\n","protected":false},"author":2,"featured_media":0,"parent":0,"menu_order":3,"comment_status":"closed","ping_status":"closed","template":"","meta":{"footnotes":""},"class_list":["post-19","page","type-page","status-publish","hentry"],"yoast_head":"<!-- This site is optimized with the Yoast SEO plugin v27.6 - https:\/\/yoast.com\/product\/yoast-seo-wordpress\/ -->\n<title>Enlaces - El blog de Txoke!<\/title>\n<meta name=\"robots\" content=\"index, follow, max-snippet:-1, max-image-preview:large, max-video-preview:-1\" \/>\n<link rel=\"canonical\" href=\"https:\/\/txokeblog.txoke.org\/?page_id=19\" \/>\n<meta property=\"og:locale\" content=\"es_ES\" \/>\n<meta property=\"og:type\" content=\"article\" \/>\n<meta property=\"og:title\" content=\"Enlaces - El blog de Txoke!\" \/>\n<meta property=\"og:description\" content=\"En esta p\u00e1gina encontraran una serie de enlaces \u00fatiles vinculados con la plataforma Txoke! International, su presencia en la Web, y a p\u00e1ginas de referencia sobre el patrimonio cultural, en especial de la Unesco. Presencia de Txoke! International en la Web El presente blog se encuentra en https:\/\/txokeblog.txoke.org\/ El sitio &hellip;\" \/>\n<meta property=\"og:url\" content=\"https:\/\/txokeblog.txoke.org\/?page_id=19\" \/>\n<meta property=\"og:site_name\" content=\"El blog de Txoke!\" \/>\n<meta property=\"article:modified_time\" content=\"2020-08-27T17:11:03+00:00\" \/>\n<meta name=\"twitter:card\" content=\"summary_large_image\" \/>\n<meta name=\"twitter:label1\" content=\"Tiempo de lectura\" \/>\n\t<meta name=\"twitter:data1\" content=\"1 minuto\" \/>\n<script type=\"application\/ld+json\" class=\"yoast-schema-graph\">{\"@context\":\"https:\\\/\\\/schema.org\",\"@graph\":[{\"@type\":\"WebPage\",\"@id\":\"https:\\\/\\\/txokeblog.txoke.org\\\/?page_id=19\",\"url\":\"https:\\\/\\\/txokeblog.txoke.org\\\/?page_id=19\",\"name\":\"Enlaces - El blog de Txoke!\",\"isPartOf\":{\"@id\":\"https:\\\/\\\/txokeblog.txoke.org\\\/#website\"},\"datePublished\":\"2015-11-23T19:07:07+00:00\",\"dateModified\":\"2020-08-27T17:11:03+00:00\",\"breadcrumb\":{\"@id\":\"https:\\\/\\\/txokeblog.txoke.org\\\/?page_id=19#breadcrumb\"},\"inLanguage\":\"es\",\"potentialAction\":[{\"@type\":\"ReadAction\",\"target\":[\"https:\\\/\\\/txokeblog.txoke.org\\\/?page_id=19\"]}]},{\"@type\":\"BreadcrumbList\",\"@id\":\"https:\\\/\\\/txokeblog.txoke.org\\\/?page_id=19#breadcrumb\",\"itemListElement\":[{\"@type\":\"ListItem\",\"position\":1,\"name\":\"Home\",\"item\":\"https:\\\/\\\/txokeblog.txoke.org\\\/\"},{\"@type\":\"ListItem\",\"position\":2,\"name\":\"Enlaces\"}]},{\"@type\":\"WebSite\",\"@id\":\"https:\\\/\\\/txokeblog.txoke.org\\\/#website\",\"url\":\"https:\\\/\\\/txokeblog.txoke.org\\\/\",\"name\":\"El blog de Txoke!\",\"description\":\"Plataforma internacional Txoke!\",\"potentialAction\":[{\"@type\":\"SearchAction\",\"target\":{\"@type\":\"EntryPoint\",\"urlTemplate\":\"https:\\\/\\\/txokeblog.txoke.org\\\/?s={search_term_string}\"},\"query-input\":{\"@type\":\"PropertyValueSpecification\",\"valueRequired\":true,\"valueName\":\"search_term_string\"}}],\"inLanguage\":\"es\"}]}<\/script>\n<!-- \/ Yoast SEO plugin. -->","yoast_head_json":{"title":"Enlaces - El blog de Txoke!","robots":{"index":"index","follow":"follow","max-snippet":"max-snippet:-1","max-image-preview":"max-image-preview:large","max-video-preview":"max-video-preview:-1"},"canonical":"https:\/\/txokeblog.txoke.org\/?page_id=19","og_locale":"es_ES","og_type":"article","og_title":"Enlaces - El blog de Txoke!","og_description":"En esta p\u00e1gina encontraran una serie de enlaces \u00fatiles vinculados con la plataforma Txoke! International, su presencia en la Web, y a p\u00e1ginas de referencia sobre el patrimonio cultural, en especial de la Unesco. Presencia de Txoke! International en la Web El presente blog se encuentra en https:\/\/txokeblog.txoke.org\/ El sitio &hellip;","og_url":"https:\/\/txokeblog.txoke.org\/?page_id=19","og_site_name":"El blog de Txoke!","article_modified_time":"2020-08-27T17:11:03+00:00","twitter_card":"summary_large_image","twitter_misc":{"Tiempo de lectura":"1 minuto"},"schema":{"@context":"https:\/\/schema.org","@graph":[{"@type":"WebPage","@id":"https:\/\/txokeblog.txoke.org\/?page_id=19","url":"https:\/\/txokeblog.txoke.org\/?page_id=19","name":"Enlaces - El blog de Txoke!","isPartOf":{"@id":"https:\/\/txokeblog.txoke.org\/#website"},"datePublished":"2015-11-23T19:07:07+00:00","dateModified":"2020-08-27T17:11:03+00:00","breadcrumb":{"@id":"https:\/\/txokeblog.txoke.org\/?page_id=19#breadcrumb"},"inLanguage":"es","potentialAction":[{"@type":"ReadAction","target":["https:\/\/txokeblog.txoke.org\/?page_id=19"]}]},{"@type":"BreadcrumbList","@id":"https:\/\/txokeblog.txoke.org\/?page_id=19#breadcrumb","itemListElement":[{"@type":"ListItem","position":1,"name":"Home","item":"https:\/\/txokeblog.txoke.org\/"},{"@type":"ListItem","position":2,"name":"Enlaces"}]},{"@type":"WebSite","@id":"https:\/\/txokeblog.txoke.org\/#website","url":"https:\/\/txokeblog.txoke.org\/","name":"El blog de Txoke!","description":"Plataforma internacional Txoke!","potentialAction":[{"@type":"SearchAction","target":{"@type":"EntryPoint","urlTemplate":"https:\/\/txokeblog.txoke.org\/?s={search_term_string}"},"query-input":{"@type":"PropertyValueSpecification","valueRequired":true,"valueName":"search_term_string"}}],"inLanguage":"es"}]}},"_links":{"self":[{"href":"https:\/\/txokeblog.txoke.org\/index.php?rest_route=\/wp\/v2\/pages\/19","targetHints":{"allow":["GET"]}}],"collection":[{"href":"https:\/\/txokeblog.txoke.org\/index.php?rest_route=\/wp\/v2\/pages"}],"about":[{"href":"https:\/\/txokeblog.txoke.org\/index.php?rest_route=\/wp\/v2\/types\/page"}],"author":[{"embeddable":true,"href":"https:\/\/txokeblog.txoke.org\/index.php?rest_route=\/wp\/v2\/users\/2"}],"replies":[{"embeddable":true,"href":"https:\/\/txokeblog.txoke.org\/index.php?rest_route=%2Fwp%2Fv2%2Fcomments&post=19"}],"version-history":[{"count":15,"href":"https:\/\/txokeblog.txoke.org\/index.php?rest_route=\/wp\/v2\/pages\/19\/revisions"}],"predecessor-version":[{"id":525,"href":"https:\/\/txokeblog.txoke.org\/index.php?rest_route=\/wp\/v2\/pages\/19\/revisions\/525"}],"wp:attachment":[{"href":"https:\/\/txokeblog.txoke.org\/index.php?rest_route=%2Fwp%2Fv2%2Fmedia&parent=19"}],"curies":[{"name":"wp","href":"https:\/\/api.w.org\/{rel}","templated":true}]}}