{"id":22,"date":"2015-11-23T20:08:31","date_gmt":"2015-11-23T19:08:31","guid":{"rendered":"https:\/\/txokeblog.wordpress.com\/?page_id=22"},"modified":"2021-01-28T16:41:07","modified_gmt":"2021-01-28T15:41:07","slug":"contact-page","status":"publish","type":"page","link":"https:\/\/txokeblog.txoke.org\/?page_id=22","title":{"rendered":"Contacto"},"content":{"rendered":"<p>Este sitio es nuestro blog creado y puesto a disposici\u00f3n para informarle de manera sencilla y r\u00e1pida de nuestras actividades. Pueden tambi\u00e9n visitar nuestro sitio web oficial: <a href=\"http:\/\/www.txoke.org\" target=\"_blank\" rel=\"noopener noreferrer\">http:\/\/www.txoke.org<\/a>, y si lo desean nos pueden contactar mediante el siguiente formulario de correo electr\u00f3nico:<\/p>\n<p style=\"text-align: center;\">\n<div class=\"wpcf7 no-js\" id=\"wpcf7-f551-o1\" lang=\"es-ES\" dir=\"ltr\" data-wpcf7-id=\"551\">\n<div class=\"screen-reader-response\"><p role=\"status\" aria-live=\"polite\" aria-atomic=\"true\"><\/p> <ul><\/ul><\/div>\n<form action=\"\/index.php?rest_route=%2Fwp%2Fv2%2Fpages%2F22#wpcf7-f551-o1\" method=\"post\" class=\"wpcf7-form init\" aria-label=\"Formulario de contacto\" novalidate=\"novalidate\" data-status=\"init\">\n<fieldset class=\"hidden-fields-container\"><input type=\"hidden\" name=\"_wpcf7\" value=\"551\" \/><input type=\"hidden\" name=\"_wpcf7_version\" value=\"6.1.5\" \/><input type=\"hidden\" name=\"_wpcf7_locale\" value=\"es_ES\" \/><input type=\"hidden\" name=\"_wpcf7_unit_tag\" value=\"wpcf7-f551-o1\" \/><input type=\"hidden\" name=\"_wpcf7_container_post\" value=\"0\" \/><input type=\"hidden\" name=\"_wpcf7_posted_data_hash\" value=\"\" \/>\n<\/fieldset>\n<p><label> Tu nombre<br \/>\n<span class=\"wpcf7-form-control-wrap\" data-name=\"your-name\"><input size=\"40\" maxlength=\"400\" class=\"wpcf7-form-control wpcf7-text wpcf7-validates-as-required\" aria-required=\"true\" aria-invalid=\"false\" value=\"\" type=\"text\" name=\"your-name\" \/><\/span> <\/label>\n<\/p>\n<p><label> Tu correo electr\u00f3nico<br \/>\n<span class=\"wpcf7-form-control-wrap\" data-name=\"your-email\"><input size=\"40\" maxlength=\"400\" class=\"wpcf7-form-control wpcf7-email wpcf7-validates-as-required wpcf7-text wpcf7-validates-as-email\" aria-required=\"true\" aria-invalid=\"false\" value=\"\" type=\"email\" name=\"your-email\" \/><\/span> <\/label>\n<\/p>\n<p><label> Asunto<br \/>\n<span class=\"wpcf7-form-control-wrap\" data-name=\"your-subject\"><input size=\"40\" maxlength=\"400\" class=\"wpcf7-form-control wpcf7-text wpcf7-validates-as-required\" aria-required=\"true\" aria-invalid=\"false\" value=\"\" type=\"text\" name=\"your-subject\" \/><\/span> <\/label>\n<\/p>\n<p><label> Tu mensaje (opcional)<br \/>\n<span class=\"wpcf7-form-control-wrap\" data-name=\"your-message\"><textarea cols=\"40\" rows=\"10\" maxlength=\"2000\" class=\"wpcf7-form-control wpcf7-textarea\" aria-invalid=\"false\" name=\"your-message\"><\/textarea><\/span> <\/label>\n<\/p>\n<p><input class=\"wpcf7-form-control wpcf7-submit has-spinner\" type=\"submit\" value=\"Enviar\" \/>\n<\/p><div class=\"wpcf7-response-output\" aria-hidden=\"true\"><\/div>\n<\/form>\n<\/div>\n<\/p>\n","protected":false},"excerpt":{"rendered":"<p>Este sitio es nuestro blog creado y puesto a disposici\u00f3n para informarle de manera sencilla y r\u00e1pida de nuestras actividades. Pueden tambi\u00e9n visitar nuestro sitio web oficial: http:\/\/www.txoke.org, y si lo desean nos pueden contactar mediante el siguiente formulario de correo electr\u00f3nico:<\/p>\n","protected":false},"author":2,"featured_media":237,"parent":0,"menu_order":5,"comment_status":"closed","ping_status":"closed","template":"","meta":{"footnotes":""},"class_list":["post-22","page","type-page","status-publish","has-post-thumbnail","hentry"],"yoast_head":"<!-- This site is optimized with the Yoast SEO plugin v27.6 - https:\/\/yoast.com\/product\/yoast-seo-wordpress\/ -->\n<title>Contacto - El blog de Txoke!<\/title>\n<meta name=\"robots\" content=\"index, follow, max-snippet:-1, max-image-preview:large, max-video-preview:-1\" \/>\n<link rel=\"canonical\" href=\"https:\/\/txokeblog.txoke.org\/?page_id=22\" \/>\n<meta property=\"og:locale\" content=\"es_ES\" \/>\n<meta property=\"og:type\" content=\"article\" \/>\n<meta property=\"og:title\" content=\"Contacto - El blog de Txoke!\" \/>\n<meta property=\"og:description\" content=\"Este sitio es nuestro blog creado y puesto a disposici\u00f3n para informarle de manera sencilla y r\u00e1pida de nuestras actividades. Pueden tambi\u00e9n visitar nuestro sitio web oficial: http:\/\/www.txoke.org, y si lo desean nos pueden contactar mediante el siguiente formulario de correo electr\u00f3nico:\" \/>\n<meta property=\"og:url\" content=\"https:\/\/txokeblog.txoke.org\/?page_id=22\" \/>\n<meta property=\"og:site_name\" content=\"El blog de Txoke!\" \/>\n<meta property=\"article:modified_time\" content=\"2021-01-28T15:41:07+00:00\" \/>\n<meta property=\"og:image\" content=\"https:\/\/txokeblog.txoke.org\/wp-content\/uploads\/2018\/08\/Blog-Txoke_Featured-image_contect_1421x500pxl.png\" \/>\n\t<meta property=\"og:image:width\" content=\"1421\" \/>\n\t<meta property=\"og:image:height\" content=\"500\" \/>\n\t<meta property=\"og:image:type\" content=\"image\/png\" \/>\n<meta name=\"twitter:card\" content=\"summary_large_image\" \/>\n<script type=\"application\/ld+json\" class=\"yoast-schema-graph\">{\"@context\":\"https:\\\/\\\/schema.org\",\"@graph\":[{\"@type\":\"WebPage\",\"@id\":\"https:\\\/\\\/txokeblog.txoke.org\\\/?page_id=22\",\"url\":\"https:\\\/\\\/txokeblog.txoke.org\\\/?page_id=22\",\"name\":\"Contacto - El blog de Txoke!\",\"isPartOf\":{\"@id\":\"https:\\\/\\\/txokeblog.txoke.org\\\/#website\"},\"primaryImageOfPage\":{\"@id\":\"https:\\\/\\\/txokeblog.txoke.org\\\/?page_id=22#primaryimage\"},\"image\":{\"@id\":\"https:\\\/\\\/txokeblog.txoke.org\\\/?page_id=22#primaryimage\"},\"thumbnailUrl\":\"https:\\\/\\\/txokeblog.txoke.org\\\/wp-content\\\/uploads\\\/2018\\\/08\\\/Blog-Txoke_Featured-image_contect_1421x500pxl.png\",\"datePublished\":\"2015-11-23T19:08:31+00:00\",\"dateModified\":\"2021-01-28T15:41:07+00:00\",\"breadcrumb\":{\"@id\":\"https:\\\/\\\/txokeblog.txoke.org\\\/?page_id=22#breadcrumb\"},\"inLanguage\":\"es\",\"potentialAction\":[{\"@type\":\"ReadAction\",\"target\":[\"https:\\\/\\\/txokeblog.txoke.org\\\/?page_id=22\"]}]},{\"@type\":\"ImageObject\",\"inLanguage\":\"es\",\"@id\":\"https:\\\/\\\/txokeblog.txoke.org\\\/?page_id=22#primaryimage\",\"url\":\"https:\\\/\\\/txokeblog.txoke.org\\\/wp-content\\\/uploads\\\/2018\\\/08\\\/Blog-Txoke_Featured-image_contect_1421x500pxl.png\",\"contentUrl\":\"https:\\\/\\\/txokeblog.txoke.org\\\/wp-content\\\/uploads\\\/2018\\\/08\\\/Blog-Txoke_Featured-image_contect_1421x500pxl.png\",\"width\":1421,\"height\":500},{\"@type\":\"BreadcrumbList\",\"@id\":\"https:\\\/\\\/txokeblog.txoke.org\\\/?page_id=22#breadcrumb\",\"itemListElement\":[{\"@type\":\"ListItem\",\"position\":1,\"name\":\"Home\",\"item\":\"https:\\\/\\\/txokeblog.txoke.org\\\/\"},{\"@type\":\"ListItem\",\"position\":2,\"name\":\"Contacto\"}]},{\"@type\":\"WebSite\",\"@id\":\"https:\\\/\\\/txokeblog.txoke.org\\\/#website\",\"url\":\"https:\\\/\\\/txokeblog.txoke.org\\\/\",\"name\":\"El blog de Txoke!\",\"description\":\"Plataforma internacional Txoke!\",\"potentialAction\":[{\"@type\":\"SearchAction\",\"target\":{\"@type\":\"EntryPoint\",\"urlTemplate\":\"https:\\\/\\\/txokeblog.txoke.org\\\/?s={search_term_string}\"},\"query-input\":{\"@type\":\"PropertyValueSpecification\",\"valueRequired\":true,\"valueName\":\"search_term_string\"}}],\"inLanguage\":\"es\"}]}<\/script>\n<!-- \/ Yoast SEO plugin. -->","yoast_head_json":{"title":"Contacto - El blog de Txoke!","robots":{"index":"index","follow":"follow","max-snippet":"max-snippet:-1","max-image-preview":"max-image-preview:large","max-video-preview":"max-video-preview:-1"},"canonical":"https:\/\/txokeblog.txoke.org\/?page_id=22","og_locale":"es_ES","og_type":"article","og_title":"Contacto - El blog de Txoke!","og_description":"Este sitio es nuestro blog creado y puesto a disposici\u00f3n para informarle de manera sencilla y r\u00e1pida de nuestras actividades. Pueden tambi\u00e9n visitar nuestro sitio web oficial: http:\/\/www.txoke.org, y si lo desean nos pueden contactar mediante el siguiente formulario de correo electr\u00f3nico:","og_url":"https:\/\/txokeblog.txoke.org\/?page_id=22","og_site_name":"El blog de Txoke!","article_modified_time":"2021-01-28T15:41:07+00:00","og_image":[{"width":1421,"height":500,"url":"https:\/\/txokeblog.txoke.org\/wp-content\/uploads\/2018\/08\/Blog-Txoke_Featured-image_contect_1421x500pxl.png","type":"image\/png"}],"twitter_card":"summary_large_image","schema":{"@context":"https:\/\/schema.org","@graph":[{"@type":"WebPage","@id":"https:\/\/txokeblog.txoke.org\/?page_id=22","url":"https:\/\/txokeblog.txoke.org\/?page_id=22","name":"Contacto - El blog de Txoke!","isPartOf":{"@id":"https:\/\/txokeblog.txoke.org\/#website"},"primaryImageOfPage":{"@id":"https:\/\/txokeblog.txoke.org\/?page_id=22#primaryimage"},"image":{"@id":"https:\/\/txokeblog.txoke.org\/?page_id=22#primaryimage"},"thumbnailUrl":"https:\/\/txokeblog.txoke.org\/wp-content\/uploads\/2018\/08\/Blog-Txoke_Featured-image_contect_1421x500pxl.png","datePublished":"2015-11-23T19:08:31+00:00","dateModified":"2021-01-28T15:41:07+00:00","breadcrumb":{"@id":"https:\/\/txokeblog.txoke.org\/?page_id=22#breadcrumb"},"inLanguage":"es","potentialAction":[{"@type":"ReadAction","target":["https:\/\/txokeblog.txoke.org\/?page_id=22"]}]},{"@type":"ImageObject","inLanguage":"es","@id":"https:\/\/txokeblog.txoke.org\/?page_id=22#primaryimage","url":"https:\/\/txokeblog.txoke.org\/wp-content\/uploads\/2018\/08\/Blog-Txoke_Featured-image_contect_1421x500pxl.png","contentUrl":"https:\/\/txokeblog.txoke.org\/wp-content\/uploads\/2018\/08\/Blog-Txoke_Featured-image_contect_1421x500pxl.png","width":1421,"height":500},{"@type":"BreadcrumbList","@id":"https:\/\/txokeblog.txoke.org\/?page_id=22#breadcrumb","itemListElement":[{"@type":"ListItem","position":1,"name":"Home","item":"https:\/\/txokeblog.txoke.org\/"},{"@type":"ListItem","position":2,"name":"Contacto"}]},{"@type":"WebSite","@id":"https:\/\/txokeblog.txoke.org\/#website","url":"https:\/\/txokeblog.txoke.org\/","name":"El blog de Txoke!","description":"Plataforma internacional Txoke!","potentialAction":[{"@type":"SearchAction","target":{"@type":"EntryPoint","urlTemplate":"https:\/\/txokeblog.txoke.org\/?s={search_term_string}"},"query-input":{"@type":"PropertyValueSpecification","valueRequired":true,"valueName":"search_term_string"}}],"inLanguage":"es"}]}},"_links":{"self":[{"href":"https:\/\/txokeblog.txoke.org\/index.php?rest_route=\/wp\/v2\/pages\/22","targetHints":{"allow":["GET"]}}],"collection":[{"href":"https:\/\/txokeblog.txoke.org\/index.php?rest_route=\/wp\/v2\/pages"}],"about":[{"href":"https:\/\/txokeblog.txoke.org\/index.php?rest_route=\/wp\/v2\/types\/page"}],"author":[{"embeddable":true,"href":"https:\/\/txokeblog.txoke.org\/index.php?rest_route=\/wp\/v2\/users\/2"}],"replies":[{"embeddable":true,"href":"https:\/\/txokeblog.txoke.org\/index.php?rest_route=%2Fwp%2Fv2%2Fcomments&post=22"}],"version-history":[{"count":13,"href":"https:\/\/txokeblog.txoke.org\/index.php?rest_route=\/wp\/v2\/pages\/22\/revisions"}],"predecessor-version":[{"id":222,"href":"https:\/\/txokeblog.txoke.org\/index.php?rest_route=\/wp\/v2\/pages\/22\/revisions\/222"}],"wp:featuredmedia":[{"embeddable":true,"href":"https:\/\/txokeblog.txoke.org\/index.php?rest_route=\/wp\/v2\/media\/237"}],"wp:attachment":[{"href":"https:\/\/txokeblog.txoke.org\/index.php?rest_route=%2Fwp%2Fv2%2Fmedia&parent=22"}],"curies":[{"name":"wp","href":"https:\/\/api.w.org\/{rel}","templated":true}]}}