{"id":256,"date":"2018-09-22T01:32:04","date_gmt":"2018-09-21T23:32:04","guid":{"rendered":"https:\/\/txokeblog.txoke.org\/?page_id=256"},"modified":"2019-06-20T17:38:31","modified_gmt":"2019-06-20T15:38:31","slug":"el-presente-blog","status":"publish","type":"page","link":"https:\/\/txokeblog.txoke.org\/?page_id=256","title":{"rendered":"El presente blog"},"content":{"rendered":"<p><strong>Este blog permite a la plataforma internacional Txoke! difundir sencillamente las noticias referentes a sus actividades, las fechas de eventos que organiza, e intercambiar con sus socios, los miembros de su consejo cient\u00edfico y el p\u00fablico en general.<\/strong><\/p>\n<p>Por lo tanto, tanto en la parte \u201cBlog\u201d de este sitio como en nuestra p\u00e1gina de Inicio (en las ventanas y ventanillas) encontrar\u00e1n las \u00faltimas noticias que difunde la plataforma, notas y de vez en cuando art\u00edculos anal\u00edticos que pensamos interesantes. Hacemos hincapi\u00e9&nbsp; en las actividades propuestas, tanto en curso como ya llevadas a cabo, tales como jornadas, ponencias, conferencias, visitas a centros patrimoniales, etc\u00e9tera. Figuran tambi\u00e9n los eventos que organizamos peri\u00f3dicamente o excepcionalmente (eventos \u00fanicos).<\/p>\n<p>El blog tiene tambi\u00e9n un calendario de los eventos. Lo encontrar\u00e1n entrando por el men\u00fa principal en \u201cCalendario de eventos\u00bb, y tambi\u00e9n de manera condensada en la barra de navegaci\u00f3n derecha de las p\u00e1ginas del sitio (URL: <a href=\"https:\/\/txokeblog.txoke.org\/?post_type=tribe_events\" target=\"_blank\" rel=\"noopener noreferrer\">https:\/\/txokeblog.txoke.org\/?post_type=tribe_events<\/a>).<\/p>\n<p>El otro prop\u00f3sito de este sitio es facilitar el acceso a las informaciones referentes a la plataforma Txoke! de manera m\u00e1s leve y din\u00e1mica que visitando su sitio oficial que es m\u00e1s est\u00e1tico y complejo, permitiendo al visitante navegar r\u00e1pidamente entre los art\u00edculos, noticias y otros materiales puestos a su disposici\u00f3n. El blog facilita tambi\u00e9n el contacto entre los miembros del equipo de Txoke!: socios, miembros permanentes, miembros de honor y miembros del consejo cient\u00edfico, y colaboradores.<\/p>\n","protected":false},"excerpt":{"rendered":"<p>Este blog permite a la plataforma internacional Txoke! difundir sencillamente las noticias referentes a sus actividades, las fechas de eventos que organiza, e intercambiar con sus socios, los miembros de su consejo cient\u00edfico y el p\u00fablico en general. Por lo tanto, tanto en la parte \u201cBlog\u201d de este sitio como &hellip;<\/p>\n","protected":false},"author":1,"featured_media":0,"parent":0,"menu_order":3,"comment_status":"closed","ping_status":"closed","template":"","meta":{"footnotes":""},"class_list":["post-256","page","type-page","status-publish","hentry"],"yoast_head":"<!-- This site is optimized with the Yoast SEO plugin v27.6 - https:\/\/yoast.com\/product\/yoast-seo-wordpress\/ -->\n<title>El presente blog - El blog de Txoke!<\/title>\n<meta name=\"robots\" content=\"index, follow, max-snippet:-1, max-image-preview:large, max-video-preview:-1\" \/>\n<link rel=\"canonical\" href=\"https:\/\/txokeblog.txoke.org\/?page_id=256\" \/>\n<meta property=\"og:locale\" content=\"es_ES\" \/>\n<meta property=\"og:type\" content=\"article\" \/>\n<meta property=\"og:title\" content=\"El presente blog - El blog de Txoke!\" \/>\n<meta property=\"og:description\" content=\"Este blog permite a la plataforma internacional Txoke! difundir sencillamente las noticias referentes a sus actividades, las fechas de eventos que organiza, e intercambiar con sus socios, los miembros de su consejo cient\u00edfico y el p\u00fablico en general. Por lo tanto, tanto en la parte \u201cBlog\u201d de este sitio como &hellip;\" \/>\n<meta property=\"og:url\" content=\"https:\/\/txokeblog.txoke.org\/?page_id=256\" \/>\n<meta property=\"og:site_name\" content=\"El blog de Txoke!\" \/>\n<meta property=\"article:modified_time\" content=\"2019-06-20T15:38:31+00:00\" \/>\n<meta name=\"twitter:card\" content=\"summary_large_image\" \/>\n<meta name=\"twitter:label1\" content=\"Tiempo de lectura\" \/>\n\t<meta name=\"twitter:data1\" content=\"1 minuto\" \/>\n<script type=\"application\/ld+json\" class=\"yoast-schema-graph\">{\"@context\":\"https:\\\/\\\/schema.org\",\"@graph\":[{\"@type\":\"WebPage\",\"@id\":\"https:\\\/\\\/txokeblog.txoke.org\\\/?page_id=256\",\"url\":\"https:\\\/\\\/txokeblog.txoke.org\\\/?page_id=256\",\"name\":\"El presente blog - El blog de Txoke!\",\"isPartOf\":{\"@id\":\"https:\\\/\\\/txokeblog.txoke.org\\\/#website\"},\"datePublished\":\"2018-09-21T23:32:04+00:00\",\"dateModified\":\"2019-06-20T15:38:31+00:00\",\"breadcrumb\":{\"@id\":\"https:\\\/\\\/txokeblog.txoke.org\\\/?page_id=256#breadcrumb\"},\"inLanguage\":\"es\",\"potentialAction\":[{\"@type\":\"ReadAction\",\"target\":[\"https:\\\/\\\/txokeblog.txoke.org\\\/?page_id=256\"]}]},{\"@type\":\"BreadcrumbList\",\"@id\":\"https:\\\/\\\/txokeblog.txoke.org\\\/?page_id=256#breadcrumb\",\"itemListElement\":[{\"@type\":\"ListItem\",\"position\":1,\"name\":\"Home\",\"item\":\"https:\\\/\\\/txokeblog.txoke.org\\\/\"},{\"@type\":\"ListItem\",\"position\":2,\"name\":\"El presente blog\"}]},{\"@type\":\"WebSite\",\"@id\":\"https:\\\/\\\/txokeblog.txoke.org\\\/#website\",\"url\":\"https:\\\/\\\/txokeblog.txoke.org\\\/\",\"name\":\"El blog de Txoke!\",\"description\":\"Plataforma internacional Txoke!\",\"potentialAction\":[{\"@type\":\"SearchAction\",\"target\":{\"@type\":\"EntryPoint\",\"urlTemplate\":\"https:\\\/\\\/txokeblog.txoke.org\\\/?s={search_term_string}\"},\"query-input\":{\"@type\":\"PropertyValueSpecification\",\"valueRequired\":true,\"valueName\":\"search_term_string\"}}],\"inLanguage\":\"es\"}]}<\/script>\n<!-- \/ Yoast SEO plugin. -->","yoast_head_json":{"title":"El presente blog - El blog de Txoke!","robots":{"index":"index","follow":"follow","max-snippet":"max-snippet:-1","max-image-preview":"max-image-preview:large","max-video-preview":"max-video-preview:-1"},"canonical":"https:\/\/txokeblog.txoke.org\/?page_id=256","og_locale":"es_ES","og_type":"article","og_title":"El presente blog - El blog de Txoke!","og_description":"Este blog permite a la plataforma internacional Txoke! difundir sencillamente las noticias referentes a sus actividades, las fechas de eventos que organiza, e intercambiar con sus socios, los miembros de su consejo cient\u00edfico y el p\u00fablico en general. Por lo tanto, tanto en la parte \u201cBlog\u201d de este sitio como &hellip;","og_url":"https:\/\/txokeblog.txoke.org\/?page_id=256","og_site_name":"El blog de Txoke!","article_modified_time":"2019-06-20T15:38:31+00:00","twitter_card":"summary_large_image","twitter_misc":{"Tiempo de lectura":"1 minuto"},"schema":{"@context":"https:\/\/schema.org","@graph":[{"@type":"WebPage","@id":"https:\/\/txokeblog.txoke.org\/?page_id=256","url":"https:\/\/txokeblog.txoke.org\/?page_id=256","name":"El presente blog - El blog de Txoke!","isPartOf":{"@id":"https:\/\/txokeblog.txoke.org\/#website"},"datePublished":"2018-09-21T23:32:04+00:00","dateModified":"2019-06-20T15:38:31+00:00","breadcrumb":{"@id":"https:\/\/txokeblog.txoke.org\/?page_id=256#breadcrumb"},"inLanguage":"es","potentialAction":[{"@type":"ReadAction","target":["https:\/\/txokeblog.txoke.org\/?page_id=256"]}]},{"@type":"BreadcrumbList","@id":"https:\/\/txokeblog.txoke.org\/?page_id=256#breadcrumb","itemListElement":[{"@type":"ListItem","position":1,"name":"Home","item":"https:\/\/txokeblog.txoke.org\/"},{"@type":"ListItem","position":2,"name":"El presente blog"}]},{"@type":"WebSite","@id":"https:\/\/txokeblog.txoke.org\/#website","url":"https:\/\/txokeblog.txoke.org\/","name":"El blog de Txoke!","description":"Plataforma internacional Txoke!","potentialAction":[{"@type":"SearchAction","target":{"@type":"EntryPoint","urlTemplate":"https:\/\/txokeblog.txoke.org\/?s={search_term_string}"},"query-input":{"@type":"PropertyValueSpecification","valueRequired":true,"valueName":"search_term_string"}}],"inLanguage":"es"}]}},"_links":{"self":[{"href":"https:\/\/txokeblog.txoke.org\/index.php?rest_route=\/wp\/v2\/pages\/256","targetHints":{"allow":["GET"]}}],"collection":[{"href":"https:\/\/txokeblog.txoke.org\/index.php?rest_route=\/wp\/v2\/pages"}],"about":[{"href":"https:\/\/txokeblog.txoke.org\/index.php?rest_route=\/wp\/v2\/types\/page"}],"author":[{"embeddable":true,"href":"https:\/\/txokeblog.txoke.org\/index.php?rest_route=\/wp\/v2\/users\/1"}],"replies":[{"embeddable":true,"href":"https:\/\/txokeblog.txoke.org\/index.php?rest_route=%2Fwp%2Fv2%2Fcomments&post=256"}],"version-history":[{"count":7,"href":"https:\/\/txokeblog.txoke.org\/index.php?rest_route=\/wp\/v2\/pages\/256\/revisions"}],"predecessor-version":[{"id":310,"href":"https:\/\/txokeblog.txoke.org\/index.php?rest_route=\/wp\/v2\/pages\/256\/revisions\/310"}],"wp:attachment":[{"href":"https:\/\/txokeblog.txoke.org\/index.php?rest_route=%2Fwp%2Fv2%2Fmedia&parent=256"}],"curies":[{"name":"wp","href":"https:\/\/api.w.org\/{rel}","templated":true}]}}