{"id":6,"date":"2015-11-23T19:31:52","date_gmt":"2015-11-23T18:31:52","guid":{"rendered":"https:\/\/txokeblog.wordpress.com\/?page_id=4"},"modified":"2019-06-18T14:01:23","modified_gmt":"2019-06-18T12:01:23","slug":"que-es-txoke","status":"publish","type":"page","link":"https:\/\/txokeblog.txoke.org\/?page_id=6","title":{"rendered":"\u00bfQu\u00e9 es Txoke!\u00a0?"},"content":{"rendered":"<p><span style=\"color: #ffffff; font-size: 12pt;\">La organizaci\u00f3n <strong>Txoke! Internationa<\/strong>l (antiguamente <em>Asociaci\u00f3n Europea &#8211; AE Txoke!<\/em>) es una entidad internacional que re\u00fane especialistas del patrimonio cultural material e inmaterial, y se dedica a su investigaci\u00f3n, estudio, rescate y preservaci\u00f3n, as\u00ed como a su difusi\u00f3n hacia el p\u00fablico en general.<\/span><\/p>\n<table style=\"border-collapse: collapse; width: 100%;\">\n<tbody>\n<tr>\n<td style=\"width: 50%;\"><span style=\"color: #ffffff;\">Txoke! International se fund\u00f3 en Vizcaya (Comunidad Aut\u00f3noma Vasca, Espa\u00f1a) a fines del 2006 y tuvo su primera Asamblea General internacional el 2 de junio 2007 en Berango, (Vizcaya). Sus dos iniciadores han sido el etnomusic\u00f3logo y soci\u00f3logo franc\u00e9s Rapha\u00ebl Parejo-Coudert y la antrop\u00f3loga alemana Ingrid Kuschick, ambos radicados en Berango (Vizcaya).&nbsp;<\/span><span style=\"color: #ffffff;\">Re\u00fane especialistas (antrop\u00f3logos, etn\u00f3logos, etnomusic\u00f3logos, historiadores, archivistas y conservadores del patrimonio) de varios pa\u00edses europeos (Francia, Espa\u00f1a, Alemania, Reino Unido, Suiza, por el momento), y del Magreb (Argelia y T\u00fanez) que trabajan sobre el patrimonio cultural.<\/span><\/td>\n<td style=\"width: 50%;\"><span style=\"color: #ffffff;\"><img fetchpriority=\"high\" decoding=\"async\" class=\"wp-image-133 aligncenter\" src=\"https:\/\/txokeblog.txoke.org\/wp-content\/uploads\/2017\/05\/agt06-300x225.jpg\" alt=\"\" width=\"477\" height=\"358\" srcset=\"https:\/\/txokeblog.txoke.org\/wp-content\/uploads\/2017\/05\/agt06-300x225.jpg 300w, https:\/\/txokeblog.txoke.org\/wp-content\/uploads\/2017\/05\/agt06-400x300.jpg 400w, https:\/\/txokeblog.txoke.org\/wp-content\/uploads\/2017\/05\/agt06.jpg 760w\" sizes=\"(max-width: 477px) 100vw, 477px\" \/><\/span><\/td>\n<\/tr>\n<\/tbody>\n<\/table>\n<p><span style=\"color: #ffffff;\">Todos desean juntar sus esfuerzos para llevar a cabo proyectos innovadores privilegiando la transversalidad, la pluridisciplinaridad, y la internacionalidad. La asociaci\u00f3n promueve una visi\u00f3n aplicada y \u00e9tica de la antropolog\u00eda y de las disciplinas afines que son las de sus miembros. <\/span><span style=\"color: #ffffff;\">La plataforma Txoke! Internacional funciona con un estatuto de asociaci\u00f3n (ver: <a href=\"https:\/\/txokeblog.txoke.org\/wp-content\/uploads\/2019\/05\/TXOKE_Estatutos_modificados_2015_def_Web.pdf\">TXOKE_Estatutos_modificados_2015_def_Web<\/a>), y se ha dotado de un sitio Web que se puede visitar en<\/span><a title=\"\" href=\"https:\/\/www.txoke.org\/\" target=\"_blank\" rel=\"noopener noreferrer\">&nbsp;https:\/\/www.txoke.org\/<\/a>.<\/p>\n<h2>Objetivos principales de la asociaci\u00f3n<\/h2>\n<p style=\"text-align: justify;\">Txoke! pretende promover al nivel europeo (y m\u00e1s all\u00e1 de Europa) investigaciones y actividades (sensibilizaci\u00f3n, informaci\u00f3n, formaci\u00f3n) relacionadas con el patrimonio cultural tangible (cultura material, arquitectura) e intangible (entre otros patrimonio oral, etnomusicolog\u00eda, memoria de grupos sociales particulares, quehaceres artesanales y otros quehaceres populares), con un enfoque antropol\u00f3gico y patrimonial.<\/p>\n<p><u>Trabajamos a:<\/u><\/p>\n<ul>\n<li style=\"text-align: justify;\"><em>Promover y apoyar investigaciones y investigadores a varios niveles (metodol\u00f3gico y t\u00e9cnico, material, formaci\u00f3n), proporcionar un apoyo cient\u00edfico y t\u00e9cnico a personas individuales tanto como a entidades patrimoniales y\/o culturales tales como museos, fonotecas y archivos, asociaciones, que demuestran inter\u00e9s o se dedican al patrimonio cultural.<\/em><\/li>\n<li style=\"text-align: justify;\"><em>La adquisici\u00f3n y el pr\u00e9stamo de material (por ejemplo grabadores digitales, micr\u00f3fonos profesionales), a los miembros de la asociaci\u00f3n (en especial investigadores), o que participan a proyectos concebidos o apoyados por la asociaci\u00f3n.<\/em><\/li>\n<li style=\"text-align: justify;\"><em>Crear equipos de investigaci\u00f3n pluridisciplinarios compuestos en parte de nuestros miembros, equipados de material profesional (audio, video), y capaces de contestar a pedidos exteriores (contratos) de trabajos de investigaci\u00f3n espec\u00edficos.<\/em><\/li>\n<li style=\"text-align: justify;\"><em>Participar activamente a la difusi\u00f3n de los resultados de las investigaciones tanto al nivel cient\u00edfico que a un nivel m\u00e1s general (difusi\u00f3n cient\u00edfica y cultural).<\/em><\/li>\n<li style=\"text-align: justify;\"><em>Sensibilizar, informar y formar el p\u00fablico en general (adultos y ni\u00f1os), pero tambi\u00e9n profesionales, sobre las problem\u00e1ticas vinculadas al patrimonio cultural, y m\u00e1s particularmente al patrimonio inmaterial o intangible, bas\u00e1ndonos por ello en las pautas definidas en las diferentes normas y convenciones promovidas por la UNESCO.<\/em><\/li>\n<\/ul>\n<p style=\"text-align: justify;\">Estamos particularmente atentos a la sensibilizaci\u00f3n de los investigadores y otros profesionales en cuanto al \u201ccircuito\u201d \u2013o \u201ccadena l\u00f3gica\u201d\u2013 que lleva el material recogido desde su recopilaci\u00f3n en el trabajo de campo hasta su archivo y conservaci\u00f3n, respetando las normas cient\u00edficas vigentes, as\u00ed como a su difusi\u00f3n, y tambi\u00e9n a los problemas vinculados con los archivos sonoros y audiovisuales, su digitalizaci\u00f3n, su restauraci\u00f3n y su&nbsp; conservaci\u00f3n.<\/p>\n<p style=\"text-align: justify;\">Las actividades se realizan por medio de acciones de informaci\u00f3n, de formaci\u00f3n, asesoramiento y apoyo t\u00e9cnico y cient\u00edfico. Se llevan a cabo con un enfoque \u201caplicado\u201d, es decir con la intenci\u00f3n de restituir los resultados de la actividad cient\u00edfica a los interesados y a la poblaci\u00f3n en general, en plazos los m\u00e1s cortos posibles.<\/p>\n<h2>Presentaci\u00f3n de Txoke! International en PDF<\/h2>\n<p>Descargar el pdf de presentaci\u00f3n en castellano: <a href=\"https:\/\/txokeblog.txoke.org\/wp-content\/uploads\/2019\/05\/Txoke-Inter_presentacio\u0301n_rev2017_1.pdf\">Txoke Inter_presentacio\u0301n_rev2017_1<\/a>&nbsp;| Fran\u00e7ais : <a href=\"https:\/\/txokeblog.txoke.org\/wp-content\/uploads\/2019\/05\/Txoke_pre\u0301sentation_rev2017-1.pdf\">Txoke_pre\u0301sentation_rev2017-1<\/a><\/p>\n<p>Traducciones a otros idiomas tambi\u00e9n est\u00e1n disponibles en formato PDF: English: . Deutsch: . [<span style=\"color: #ff0000;\">traducci\u00f3n en curso<\/span>]<\/p>\n","protected":false},"excerpt":{"rendered":"<p>La organizaci\u00f3n Txoke! International (antiguamente Asociaci\u00f3n Europea &#8211; AE Txoke!) es una entidad internacional que re\u00fane especialistas del patrimonio cultural material e inmaterial, y se dedica a su investigaci\u00f3n, estudio, rescate y preservaci\u00f3n, as\u00ed como a su difusi\u00f3n hacia el p\u00fablico en general. Txoke! International se fund\u00f3 en Vizcaya (Comunidad &hellip;<\/p>\n","protected":false},"author":2,"featured_media":100,"parent":0,"menu_order":1,"comment_status":"closed","ping_status":"closed","template":"","meta":{"footnotes":""},"class_list":["post-6","page","type-page","status-publish","has-post-thumbnail","hentry"],"yoast_head":"<!-- This site is optimized with the Yoast SEO plugin v27.6 - https:\/\/yoast.com\/product\/yoast-seo-wordpress\/ -->\n<title>\u00bfQu\u00e9 es Txoke!\u00a0? - El blog de Txoke!<\/title>\n<meta name=\"robots\" content=\"index, follow, max-snippet:-1, max-image-preview:large, max-video-preview:-1\" \/>\n<link rel=\"canonical\" href=\"https:\/\/txokeblog.txoke.org\/?page_id=6\" \/>\n<meta property=\"og:locale\" content=\"es_ES\" \/>\n<meta property=\"og:type\" content=\"article\" \/>\n<meta property=\"og:title\" content=\"\u00bfQu\u00e9 es Txoke!\u00a0? - El blog de Txoke!\" \/>\n<meta property=\"og:description\" content=\"La organizaci\u00f3n Txoke! International (antiguamente Asociaci\u00f3n Europea &#8211; AE Txoke!) es una entidad internacional que re\u00fane especialistas del patrimonio cultural material e inmaterial, y se dedica a su investigaci\u00f3n, estudio, rescate y preservaci\u00f3n, as\u00ed como a su difusi\u00f3n hacia el p\u00fablico en general. Txoke! International se fund\u00f3 en Vizcaya (Comunidad &hellip;\" \/>\n<meta property=\"og:url\" content=\"https:\/\/txokeblog.txoke.org\/?page_id=6\" \/>\n<meta property=\"og:site_name\" content=\"El blog de Txoke!\" \/>\n<meta property=\"article:modified_time\" content=\"2019-06-18T12:01:23+00:00\" \/>\n<meta property=\"og:image\" content=\"https:\/\/txokeblog.txoke.org\/wp-content\/uploads\/2017\/04\/gravure-rupestre-australie.png\" \/>\n\t<meta property=\"og:image:width\" content=\"1230\" \/>\n\t<meta property=\"og:image:height\" content=\"820\" \/>\n\t<meta property=\"og:image:type\" content=\"image\/png\" \/>\n<meta name=\"twitter:card\" content=\"summary_large_image\" \/>\n<meta name=\"twitter:label1\" content=\"Tiempo de lectura\" \/>\n\t<meta name=\"twitter:data1\" content=\"3 minutos\" \/>\n<script type=\"application\/ld+json\" class=\"yoast-schema-graph\">{\"@context\":\"https:\\\/\\\/schema.org\",\"@graph\":[{\"@type\":\"WebPage\",\"@id\":\"https:\\\/\\\/txokeblog.txoke.org\\\/?page_id=6\",\"url\":\"https:\\\/\\\/txokeblog.txoke.org\\\/?page_id=6\",\"name\":\"\u00bfQu\u00e9 es Txoke!\u00a0? - El blog de Txoke!\",\"isPartOf\":{\"@id\":\"https:\\\/\\\/txokeblog.txoke.org\\\/#website\"},\"primaryImageOfPage\":{\"@id\":\"https:\\\/\\\/txokeblog.txoke.org\\\/?page_id=6#primaryimage\"},\"image\":{\"@id\":\"https:\\\/\\\/txokeblog.txoke.org\\\/?page_id=6#primaryimage\"},\"thumbnailUrl\":\"https:\\\/\\\/txokeblog.txoke.org\\\/wp-content\\\/uploads\\\/2017\\\/04\\\/gravure-rupestre-australie.png\",\"datePublished\":\"2015-11-23T18:31:52+00:00\",\"dateModified\":\"2019-06-18T12:01:23+00:00\",\"breadcrumb\":{\"@id\":\"https:\\\/\\\/txokeblog.txoke.org\\\/?page_id=6#breadcrumb\"},\"inLanguage\":\"es\",\"potentialAction\":[{\"@type\":\"ReadAction\",\"target\":[\"https:\\\/\\\/txokeblog.txoke.org\\\/?page_id=6\"]}]},{\"@type\":\"ImageObject\",\"inLanguage\":\"es\",\"@id\":\"https:\\\/\\\/txokeblog.txoke.org\\\/?page_id=6#primaryimage\",\"url\":\"https:\\\/\\\/txokeblog.txoke.org\\\/wp-content\\\/uploads\\\/2017\\\/04\\\/gravure-rupestre-australie.png\",\"contentUrl\":\"https:\\\/\\\/txokeblog.txoke.org\\\/wp-content\\\/uploads\\\/2017\\\/04\\\/gravure-rupestre-australie.png\",\"width\":1230,\"height\":820},{\"@type\":\"BreadcrumbList\",\"@id\":\"https:\\\/\\\/txokeblog.txoke.org\\\/?page_id=6#breadcrumb\",\"itemListElement\":[{\"@type\":\"ListItem\",\"position\":1,\"name\":\"Home\",\"item\":\"https:\\\/\\\/txokeblog.txoke.org\\\/\"},{\"@type\":\"ListItem\",\"position\":2,\"name\":\"\u00bfQu\u00e9 es Txoke!\u00a0?\"}]},{\"@type\":\"WebSite\",\"@id\":\"https:\\\/\\\/txokeblog.txoke.org\\\/#website\",\"url\":\"https:\\\/\\\/txokeblog.txoke.org\\\/\",\"name\":\"El blog de Txoke!\",\"description\":\"Plataforma internacional Txoke!\",\"potentialAction\":[{\"@type\":\"SearchAction\",\"target\":{\"@type\":\"EntryPoint\",\"urlTemplate\":\"https:\\\/\\\/txokeblog.txoke.org\\\/?s={search_term_string}\"},\"query-input\":{\"@type\":\"PropertyValueSpecification\",\"valueRequired\":true,\"valueName\":\"search_term_string\"}}],\"inLanguage\":\"es\"}]}<\/script>\n<!-- \/ Yoast SEO plugin. -->","yoast_head_json":{"title":"\u00bfQu\u00e9 es Txoke!\u00a0? - El blog de Txoke!","robots":{"index":"index","follow":"follow","max-snippet":"max-snippet:-1","max-image-preview":"max-image-preview:large","max-video-preview":"max-video-preview:-1"},"canonical":"https:\/\/txokeblog.txoke.org\/?page_id=6","og_locale":"es_ES","og_type":"article","og_title":"\u00bfQu\u00e9 es Txoke!\u00a0? - El blog de Txoke!","og_description":"La organizaci\u00f3n Txoke! International (antiguamente Asociaci\u00f3n Europea &#8211; AE Txoke!) es una entidad internacional que re\u00fane especialistas del patrimonio cultural material e inmaterial, y se dedica a su investigaci\u00f3n, estudio, rescate y preservaci\u00f3n, as\u00ed como a su difusi\u00f3n hacia el p\u00fablico en general. Txoke! International se fund\u00f3 en Vizcaya (Comunidad &hellip;","og_url":"https:\/\/txokeblog.txoke.org\/?page_id=6","og_site_name":"El blog de Txoke!","article_modified_time":"2019-06-18T12:01:23+00:00","og_image":[{"width":1230,"height":820,"url":"https:\/\/txokeblog.txoke.org\/wp-content\/uploads\/2017\/04\/gravure-rupestre-australie.png","type":"image\/png"}],"twitter_card":"summary_large_image","twitter_misc":{"Tiempo de lectura":"3 minutos"},"schema":{"@context":"https:\/\/schema.org","@graph":[{"@type":"WebPage","@id":"https:\/\/txokeblog.txoke.org\/?page_id=6","url":"https:\/\/txokeblog.txoke.org\/?page_id=6","name":"\u00bfQu\u00e9 es Txoke!\u00a0? - El blog de Txoke!","isPartOf":{"@id":"https:\/\/txokeblog.txoke.org\/#website"},"primaryImageOfPage":{"@id":"https:\/\/txokeblog.txoke.org\/?page_id=6#primaryimage"},"image":{"@id":"https:\/\/txokeblog.txoke.org\/?page_id=6#primaryimage"},"thumbnailUrl":"https:\/\/txokeblog.txoke.org\/wp-content\/uploads\/2017\/04\/gravure-rupestre-australie.png","datePublished":"2015-11-23T18:31:52+00:00","dateModified":"2019-06-18T12:01:23+00:00","breadcrumb":{"@id":"https:\/\/txokeblog.txoke.org\/?page_id=6#breadcrumb"},"inLanguage":"es","potentialAction":[{"@type":"ReadAction","target":["https:\/\/txokeblog.txoke.org\/?page_id=6"]}]},{"@type":"ImageObject","inLanguage":"es","@id":"https:\/\/txokeblog.txoke.org\/?page_id=6#primaryimage","url":"https:\/\/txokeblog.txoke.org\/wp-content\/uploads\/2017\/04\/gravure-rupestre-australie.png","contentUrl":"https:\/\/txokeblog.txoke.org\/wp-content\/uploads\/2017\/04\/gravure-rupestre-australie.png","width":1230,"height":820},{"@type":"BreadcrumbList","@id":"https:\/\/txokeblog.txoke.org\/?page_id=6#breadcrumb","itemListElement":[{"@type":"ListItem","position":1,"name":"Home","item":"https:\/\/txokeblog.txoke.org\/"},{"@type":"ListItem","position":2,"name":"\u00bfQu\u00e9 es Txoke!\u00a0?"}]},{"@type":"WebSite","@id":"https:\/\/txokeblog.txoke.org\/#website","url":"https:\/\/txokeblog.txoke.org\/","name":"El blog de Txoke!","description":"Plataforma internacional Txoke!","potentialAction":[{"@type":"SearchAction","target":{"@type":"EntryPoint","urlTemplate":"https:\/\/txokeblog.txoke.org\/?s={search_term_string}"},"query-input":{"@type":"PropertyValueSpecification","valueRequired":true,"valueName":"search_term_string"}}],"inLanguage":"es"}]}},"_links":{"self":[{"href":"https:\/\/txokeblog.txoke.org\/index.php?rest_route=\/wp\/v2\/pages\/6","targetHints":{"allow":["GET"]}}],"collection":[{"href":"https:\/\/txokeblog.txoke.org\/index.php?rest_route=\/wp\/v2\/pages"}],"about":[{"href":"https:\/\/txokeblog.txoke.org\/index.php?rest_route=\/wp\/v2\/types\/page"}],"author":[{"embeddable":true,"href":"https:\/\/txokeblog.txoke.org\/index.php?rest_route=\/wp\/v2\/users\/2"}],"replies":[{"embeddable":true,"href":"https:\/\/txokeblog.txoke.org\/index.php?rest_route=%2Fwp%2Fv2%2Fcomments&post=6"}],"version-history":[{"count":7,"href":"https:\/\/txokeblog.txoke.org\/index.php?rest_route=\/wp\/v2\/pages\/6\/revisions"}],"predecessor-version":[{"id":186,"href":"https:\/\/txokeblog.txoke.org\/index.php?rest_route=\/wp\/v2\/pages\/6\/revisions\/186"}],"wp:featuredmedia":[{"embeddable":true,"href":"https:\/\/txokeblog.txoke.org\/index.php?rest_route=\/wp\/v2\/media\/100"}],"wp:attachment":[{"href":"https:\/\/txokeblog.txoke.org\/index.php?rest_route=%2Fwp%2Fv2%2Fmedia&parent=6"}],"curies":[{"name":"wp","href":"https:\/\/api.w.org\/{rel}","templated":true}]}}